{"id":71000,"date":"2015-03-03T10:05:40","date_gmt":"2015-03-03T10:05:40","guid":{"rendered":"http:\/\/vnh.local\/structure\/?page_id=161"},"modified":"2023-03-07T20:56:22","modified_gmt":"2023-03-07T23:56:22","slug":"homepage-02","status":"publish","type":"page","link":"https:\/\/www.piana.com.ar\/en\/","title":{"rendered":"Home"},"content":{"rendered":"<div  class=\"vc_row wpb_row  full-width\" style=\"\"><div class=\"vc_row\"><div class=\"wpb_column vc_column_container col-sm-12 vc_col-sm-12 col-lg-12 vc_col-lg-12\"><div class=\"vc_column-inner\"><div class=\"wpb_wrapper\"><div class=\"wpb_revslider_element wpb_content_element\">\n\t\t\t<!-- START inicio REVOLUTION SLIDER 6.1.8 --><p class=\"rs-p-wp-fix\"><\/p>\n\t\t\t<rs-module-wrap id=\"rev_slider_1_1_wrapper\" data-source=\"gallery\" style=\"background:transparent;padding:0;margin:0px auto;margin-top:0;margin-bottom:0;\">\n\t\t\t\t<rs-module id=\"rev_slider_1_1\" style=\"display:none;\" data-version=\"6.1.8\">\n\t\t\t\t\t<rs-slides>\n\t\t\t\t\t\t<rs-slide data-key=\"rs-6\" data-title=\"Slide\" data-anim=\"ei:d;eo:d;s:600;r:0;t:fade;sl:d;\">\n\t\t\t\t\t\t\t<img src=\"\/\/www.piana.com.ar\/wp-content\/uploads\/2017\/04\/slider-03.jpg\" title=\"Home\" data-panzoom=\"d:10000;ss:100;se:110;\" class=\"rev-slidebg\" data-no-retina>\n<!---->\t\t\t\t\t\t<\/rs-slide>\n\t\t\t\t\t\t<rs-slide data-key=\"rs-10\" data-title=\"Slide\" data-anim=\"ei:d;eo:d;s:600;r:0;t:fade;sl:d;\">\n\t\t\t\t\t\t\t<img src=\"\/\/www.piana.com.ar\/wp-content\/uploads\/2017\/04\/slider-05.jpg\" title=\"Home\" data-panzoom=\"d:10000;ss:110;se:100;\" class=\"rev-slidebg\" data-no-retina>\n<!---->\t\t\t\t\t\t<\/rs-slide>\n\t\t\t\t\t\t<rs-slide data-key=\"rs-8\" data-title=\"Slide\" data-anim=\"ei:d;eo:d;s:600;r:0;t:fade;sl:d;\">\n\t\t\t\t\t\t\t<img src=\"\/\/www.piana.com.ar\/wp-content\/uploads\/2017\/04\/slider-04.jpg\" title=\"Home\" data-panzoom=\"d:10000;ss:100;se:110;\" class=\"rev-slidebg\" data-no-retina>\n<!---->\t\t\t\t\t\t<\/rs-slide>\n\t\t\t\t\t\t<rs-slide data-key=\"rs-9\" data-title=\"Slide\" data-anim=\"ei:d;eo:d;s:600;r:0;t:fade;sl:d;\">\n\t\t\t\t\t\t\t<img src=\"\/\/www.piana.com.ar\/wp-content\/uploads\/2017\/04\/slider-01.jpg\" title=\"Home\" data-panzoom=\"d:10000;ss:110;se:100;\" class=\"rev-slidebg\" data-no-retina>\n<!---->\t\t\t\t\t\t<\/rs-slide>\n\t\t\t\t\t\t<rs-slide data-key=\"rs-7\" data-title=\"Slide\" data-anim=\"ei:d;eo:d;s:600;r:0;t:fade;sl:d;\">\n\t\t\t\t\t\t\t<img src=\"\/\/www.piana.com.ar\/wp-content\/uploads\/2017\/04\/slider-02.jpg\" title=\"Home\" data-panzoom=\"d:10000;ss:110;se:100;\" class=\"rev-slidebg\" data-no-retina>\n<!---->\t\t\t\t\t\t<\/rs-slide>\n\t\t\t\t\t<\/rs-slides>\n\t\t\t\t\t<rs-progress class=\"rs-bottom\" style=\"visibility: hidden !important;\"><\/rs-progress>\n\t\t\t\t<\/rs-module>\n\t\t\t\t<script type=\"text\/javascript\">\n\t\t\t\t\tsetREVStartSize({c: 'rev_slider_1_1',rl:[1240,1024,778,480],el:[],gw:[1240],gh:[350],type:'standard',justify:'',layout:'fullwidth',mh:\"0\"});\n\t\t\t\t\tvar\trevapi1,\n\t\t\t\t\t\ttpj;\n\t\t\t\t\tjQuery(function() {\n\t\t\t\t\t\ttpj = jQuery;\n\t\t\t\t\t\tif(tpj(\"#rev_slider_1_1\").revolution == undefined){\n\t\t\t\t\t\t\trevslider_showDoubleJqueryError(\"#rev_slider_1_1\");\n\t\t\t\t\t\t}else{\n\t\t\t\t\t\t\trevapi1 = tpj(\"#rev_slider_1_1\").show().revolution({\n\t\t\t\t\t\t\t\tjsFileLocation:\"\/\/www.piana.com.ar\/wp-content\/plugins\/revslider\/public\/assets\/js\/\",\n\t\t\t\t\t\t\t\tsliderLayout:\"fullwidth\",\n\t\t\t\t\t\t\t\tdottedOverlay:\"twoxtwo\",\n\t\t\t\t\t\t\t\tduration:5000,\n\t\t\t\t\t\t\t\tvisibilityLevels:\"1240,1024,778,480\",\n\t\t\t\t\t\t\t\tgridwidth:1240,\n\t\t\t\t\t\t\t\tgridheight:350,\n\t\t\t\t\t\t\t\tspinner:\"spinner0\",\n\t\t\t\t\t\t\t\tresponsiveLevels:\"1240,1024,778,480\",\n\t\t\t\t\t\t\t\tdisableProgressBar:\"on\",\n\t\t\t\t\t\t\t\tshadow:1,\n\t\t\t\t\t\t\t\tnavigation: {\n\t\t\t\t\t\t\t\t\tonHoverStop:false\n\t\t\t\t\t\t\t\t},\n\t\t\t\t\t\t\t\tfallbacks: {\n\t\t\t\t\t\t\t\t\tallowHTML5AutoPlayOnAndroid:true\n\t\t\t\t\t\t\t\t},\n\t\t\t\t\t\t\t});\n\t\t\t\t\t\t}\n\t\t\t\t\t\t\n\t\t\t\t\t});\n\t\t\t\t<\/script>\n\t\t\t<\/rs-module-wrap>\n\t\t\t<!-- END REVOLUTION SLIDER -->\n<\/div><\/div><\/div><\/div><\/div><\/div><div  class=\"vc_row wpb_row  intro\" style=\"\"><div class=\"boxed\"><div class=\"container\"><div class=\"vc_row\"><div class=\"wpb_column vc_column_container col-sm-12 vc_col-sm-12 col-lg-12 vc_col-lg-12\"><div class=\"vc_column-inner\"><div class=\"wpb_wrapper\"><div class=\"vc_row wpb_row vc_inner\"><div class=\"wpb_column vc_column_container col-sm-12 vc_col-sm-12 col-lg-12 vc_col-lg-12\"><div class=\"vc_column-inner\"><div class=\"wpb_wrapper\"><div class=\"vc_empty_space\"   style=\"height: 20px\"><span class=\"vc_empty_space_inner\"><\/span><\/div>\n\t<div class=\"wpb_text_column wpb_content_element  wpb_animate_when_almost_visible wpb_fadeIn fadeIn\" >\n\t\t<div class=\"wpb_wrapper\">\n\t\t\t<h2 style=\"text-align: center;\"><span style=\"color: #ffffff;\"><b>Passion | Energy | Knowledge | Solutions | Benefits<\/b><\/span><\/h2>\n\n\t\t<\/div>\n\t<\/div>\n<div class=\"vc_empty_space\"   style=\"height: 20px\"><span class=\"vc_empty_space_inner\"><\/span><\/div><\/div><\/div><\/div><\/div><div class=\"vc_separator wpb_content_element vc_separator_align_center vc_sep_width_100 vc_sep_pos_align_center vc_separator_no_text\" ><span class=\"vc_sep_holder vc_sep_holder_l\"><span  class=\"vc_sep_line\"><\/span><\/span><span class=\"vc_sep_holder vc_sep_holder_r\"><span  class=\"vc_sep_line\"><\/span><\/span>\n<\/div><div class=\"vc_empty_space\"   style=\"height: 30px\"><span class=\"vc_empty_space_inner\"><\/span><\/div><div class=\"vc_row wpb_row vc_inner\"><div class=\"wpb_column vc_column_container col-sm-8 vc_col-sm-8 col-lg-8 vc_col-lg-8\"><div class=\"vc_column-inner\"><div class=\"wpb_wrapper\"><div class=\"vc_custom_heading\" ><h3 style=\"font-size: 20px;color: #ffffff;line-height: 50px;text-align: center\" >Our career is attested by 15 years\u2019 experience.<\/h3><\/div><\/div><\/div><\/div><div class=\"wpb_column vc_column_container col-sm-4 vc_col-sm-4 col-lg-4 vc_col-lg-4\"><div class=\"vc_column-inner\"><div class=\"wpb_wrapper\"><div class=\"vc_btn3-container  tm-btn1 vc_btn3-center\" ><a class=\"vc_general vc_btn3 vc_btn3-size-md vc_btn3-shape-square vc_btn3-style-outline vc_btn3-color-white\" href=\"https:\/\/www.piana.com.ar\/en\/identidad\/\" title=\"Identity\">Learn more<\/a><\/div><\/div><\/div><\/div><\/div><\/div><\/div><\/div><\/div><\/div><\/div><\/div><div  class=\"vc_row wpb_row  align-center vc_custom_1491324102110\" style=\"background-color: #ffffff;\"><div class=\"boxed\"><div class=\"container\"><div class=\"vc_row\"><div class=\"wpb_column vc_column_container col-sm-3 vc_col-sm-3 col-lg-3 vc_col-lg-3\"><div class=\"vc_column-inner\"><div class=\"wpb_wrapper\"><\/div><\/div><\/div><div class=\"wpb_column vc_column_container col-sm-9 vc_col-sm-9 col-lg-9 vc_col-lg-9\"><div class=\"vc_column-inner\"><div class=\"wpb_wrapper\"><div class=\"vc_custom_heading heading-title-2 vc_custom_1491291035691\" ><h2 style=\"color: #111111;text-align: left\" >Identity<\/h2><\/div>\n\t<div class=\"wpb_text_column wpb_content_element  wpb_animate_when_almost_visible wpb_fadeIn fadeIn\" >\n\t\t<div class=\"wpb_wrapper\">\n\t\t\t<p style=\"text-align: left;\">Our team consists of passion-driven professionals who focus all their energy on providing solutions, creating valuable engineering work that aims for customized innovative and budget-optimized results.<\/p>\n<p style=\"text-align: left;\">Having been part of different-sized projects, both in public and private sector, we have acquired the knowledge and the experience needed to provide our clients with the best results.<\/p>\n<p style=\"text-align: left;\">We focus all our energy and resources meeting our clients need in due time and proper manner, because that is why they are greatly satisfied. This is why we are we based upon our capacity, our experience and our spirit of achievement, backed by career.<\/p>\n<p style=\"text-align: left;\">Our mission is \"to provide with an excellent customized service, aiming for synergy between design and budget''.<\/p>\n<p style=\"text-align: left;\">We differ from other professionals in the market due to our strong tendency to optimization.<\/p>\n\n\t\t<\/div>\n\t<\/div>\n<div class=\"vc_empty_space\"   style=\"height: 60px\"><span class=\"vc_empty_space_inner\"><\/span><\/div><\/div><\/div><\/div><\/div><\/div><\/div><\/div><div  class=\"vc_row wpb_row  intro vc_custom_1678193482699\" style=\"background-image:url(http:\/\/www.piana.com.ar\/wp-content\/uploads\/2015\/03\/home04.jpg);\"><div class=\"boxed\"><div class=\"container\"><div class=\"vc_row\"><div class=\"wpb_column vc_column_container col-sm-8 vc_col-sm-8 col-lg-8 vc_col-lg-8\"><div class=\"vc_column-inner vc_custom_1678193550061\"><div class=\"wpb_wrapper\"><div class=\"vc_custom_heading heading-title-2 vc_custom_1678193520605\" ><h2 style=\"color: #ffffff;text-align: left\" >Eng. Mart\u00edn Piana<\/h2><\/div>\n\t<div class=\"wpb_text_column wpb_content_element  wpb_animate_when_almost_visible wpb_left-to-right left-to-right\" >\n\t\t<div class=\"wpb_wrapper\">\n\t\t\t<ul class=\"listing\">\n<li><i class=\"fa fa-gear\" style=\"color: #ffffff;\"><\/i><span style=\"color: #ffffff;\">Civil engineer graduated from Buenos Aires University.<\/span><\/li>\n<li><span style=\"color: #ffffff;\"><i class=\"fa fa-gear\" style=\"color: #ffffff;\"><\/i>Member of Asociaci\u00f3n de Ingenieros Estructurales (Structural Engineers Association)<\/span><\/li>\n<li><span style=\"color: #ffffff;\"><i class=\"fa fa-gear\" style=\"color: #ffffff;\"><\/i>Professor of \u2018Concrete II\u2019 at the Engineering School, Buenos Aires University.\u00a0<\/span><\/li>\n<\/ul>\n\n\t\t<\/div>\n\t<\/div>\n<div class=\"vc_empty_space\"   style=\"height: 80px\"><span class=\"vc_empty_space_inner\"><\/span><\/div><\/div><\/div><\/div><div class=\"wpb_column vc_column_container col-sm-4 vc_col-sm-4 col-lg-4 vc_col-lg-4\"><div class=\"vc_column-inner\"><div class=\"wpb_wrapper\"><div class=\"vc_empty_space\"   style=\"height: 300px\"><span class=\"vc_empty_space_inner\"><\/span><\/div><\/div><\/div><\/div><\/div><\/div><\/div><\/div><div  class=\"vc_row wpb_row  clients\" style=\"background-color: #ffffff;\"><div class=\"boxed\"><div class=\"container\"><div class=\"vc_row\"><div class=\"wpb_column vc_column_container col-sm-12 vc_col-sm-12 col-lg-12 vc_col-lg-12\"><div class=\"vc_column-inner vc_custom_1427107934883\"><div class=\"wpb_wrapper\"><div class=\"vc_custom_heading heading-title\" ><h3 style=\"font-size: 20px;color: #111111;text-align: left\" >Our customers<\/h3><\/div><div class=\"vc_empty_space\"   style=\"height: 40px\"><span class=\"vc_empty_space_inner\"><\/span><\/div><div class=\"wpb_images_carousel wpb_content_element vc_clearfix\"><div class=\"wpb_wrapper\"><div id=\"vc_images-carousel-1-1777558198\" data-ride=\"vc_carousel\" data-wrap=\"true\" style=\"width: 100%;\" data-interval=\"1500\" data-auto-height=\"yes\" data-mode=\"horizontal\" data-partial=\"true\" data-per-view=\"5\" data-hide-on-end=\"false\" class=\"vc_slide vc_images_carousel\"><div class=\"vc_carousel-inner\"><div class=\"vc_carousel-slideline\"><div class=\"vc_carousel-slideline-inner\"><div class=\"vc_item\"><div class=\"vc_inner\"><img width=\"200\" height=\"200\" src=\"https:\/\/www.piana.com.ar\/wp-content\/uploads\/2023\/03\/ypf-f.jpg\" class=\"attachment-full\" alt=\"\" decoding=\"async\" loading=\"lazy\" srcset=\"https:\/\/www.piana.com.ar\/wp-content\/uploads\/2023\/03\/ypf-f.jpg 200w, https:\/\/www.piana.com.ar\/wp-content\/uploads\/2023\/03\/ypf-f-12x12.jpg 12w\" sizes=\"(max-width: 200px) 100vw, 200px\" \/><\/div><\/div><div class=\"vc_item\"><div class=\"vc_inner\"><img width=\"200\" height=\"200\" src=\"https:\/\/www.piana.com.ar\/wp-content\/uploads\/2023\/03\/shell-2.png\" class=\"attachment-full\" alt=\"\" decoding=\"async\" loading=\"lazy\" srcset=\"https:\/\/www.piana.com.ar\/wp-content\/uploads\/2023\/03\/shell-2.png 200w, https:\/\/www.piana.com.ar\/wp-content\/uploads\/2023\/03\/shell-2-12x12.png 12w\" sizes=\"(max-width: 200px) 100vw, 200px\" \/><\/div><\/div><div class=\"vc_item\"><div class=\"vc_inner\"><img width=\"200\" height=\"200\" src=\"https:\/\/www.piana.com.ar\/wp-content\/uploads\/2023\/03\/schneider-f.jpg\" class=\"attachment-full\" alt=\"\" decoding=\"async\" loading=\"lazy\" srcset=\"https:\/\/www.piana.com.ar\/wp-content\/uploads\/2023\/03\/schneider-f.jpg 200w, https:\/\/www.piana.com.ar\/wp-content\/uploads\/2023\/03\/schneider-f-12x12.jpg 12w\" sizes=\"(max-width: 200px) 100vw, 200px\" \/><\/div><\/div><div class=\"vc_item\"><div class=\"vc_inner\"><img width=\"200\" height=\"200\" src=\"https:\/\/www.piana.com.ar\/wp-content\/uploads\/2023\/03\/norvial-f.jpg\" class=\"attachment-full\" alt=\"\" decoding=\"async\" loading=\"lazy\" srcset=\"https:\/\/www.piana.com.ar\/wp-content\/uploads\/2023\/03\/norvial-f.jpg 200w, https:\/\/www.piana.com.ar\/wp-content\/uploads\/2023\/03\/norvial-f-12x12.jpg 12w\" sizes=\"(max-width: 200px) 100vw, 200px\" \/><\/div><\/div><div class=\"vc_item\"><div class=\"vc_inner\"><img width=\"200\" height=\"200\" src=\"https:\/\/www.piana.com.ar\/wp-content\/uploads\/2023\/03\/pan-f.jpg\" class=\"attachment-full\" alt=\"\" decoding=\"async\" loading=\"lazy\" srcset=\"https:\/\/www.piana.com.ar\/wp-content\/uploads\/2023\/03\/pan-f.jpg 200w, https:\/\/www.piana.com.ar\/wp-content\/uploads\/2023\/03\/pan-f-12x12.jpg 12w\" sizes=\"(max-width: 200px) 100vw, 200px\" \/><\/div><\/div><div class=\"vc_item\"><div class=\"vc_inner\"><img width=\"200\" height=\"200\" src=\"https:\/\/www.piana.com.ar\/wp-content\/uploads\/2023\/03\/tenaris-f.jpg\" class=\"attachment-full\" alt=\"\" decoding=\"async\" loading=\"lazy\" srcset=\"https:\/\/www.piana.com.ar\/wp-content\/uploads\/2023\/03\/tenaris-f.jpg 200w, https:\/\/www.piana.com.ar\/wp-content\/uploads\/2023\/03\/tenaris-f-12x12.jpg 12w\" sizes=\"(max-width: 200px) 100vw, 200px\" \/><\/div><\/div><div class=\"vc_item\"><div class=\"vc_inner\"><img width=\"200\" height=\"200\" src=\"https:\/\/www.piana.com.ar\/wp-content\/uploads\/2023\/03\/total-energies-f.jpg\" class=\"attachment-full\" alt=\"\" decoding=\"async\" loading=\"lazy\" srcset=\"https:\/\/www.piana.com.ar\/wp-content\/uploads\/2023\/03\/total-energies-f.jpg 200w, https:\/\/www.piana.com.ar\/wp-content\/uploads\/2023\/03\/total-energies-f-12x12.jpg 12w\" sizes=\"(max-width: 200px) 100vw, 200px\" \/><\/div><\/div><div class=\"vc_item\"><div class=\"vc_inner\"><img width=\"200\" height=\"200\" src=\"https:\/\/www.piana.com.ar\/wp-content\/uploads\/2023\/03\/worley-f.jpg\" class=\"attachment-full\" alt=\"\" decoding=\"async\" loading=\"lazy\" srcset=\"https:\/\/www.piana.com.ar\/wp-content\/uploads\/2023\/03\/worley-f.jpg 200w, https:\/\/www.piana.com.ar\/wp-content\/uploads\/2023\/03\/worley-f-12x12.jpg 12w\" sizes=\"(max-width: 200px) 100vw, 200px\" \/><\/div><\/div><div class=\"vc_item\"><div class=\"vc_inner\"><img width=\"200\" height=\"200\" src=\"https:\/\/www.piana.com.ar\/wp-content\/uploads\/2015\/03\/claro.jpg\" class=\"attachment-full\" alt=\"\" decoding=\"async\" loading=\"lazy\" srcset=\"https:\/\/www.piana.com.ar\/wp-content\/uploads\/2015\/03\/claro.jpg 200w, https:\/\/www.piana.com.ar\/wp-content\/uploads\/2015\/03\/claro-12x12.jpg 12w\" sizes=\"(max-width: 200px) 100vw, 200px\" \/><\/div><\/div><div class=\"vc_item\"><div class=\"vc_inner\"><img width=\"200\" height=\"200\" src=\"https:\/\/www.piana.com.ar\/wp-content\/uploads\/2023\/03\/aysa-2.jpg\" class=\"attachment-full\" alt=\"\" decoding=\"async\" loading=\"lazy\" srcset=\"https:\/\/www.piana.com.ar\/wp-content\/uploads\/2023\/03\/aysa-2.jpg 200w, https:\/\/www.piana.com.ar\/wp-content\/uploads\/2023\/03\/aysa-2-12x12.jpg 12w\" sizes=\"(max-width: 200px) 100vw, 200px\" \/><\/div><\/div><div class=\"vc_item\"><div class=\"vc_inner\"><img width=\"200\" height=\"200\" src=\"https:\/\/www.piana.com.ar\/wp-content\/uploads\/2015\/03\/policia-ciudad.jpg\" class=\"attachment-full\" alt=\"\" decoding=\"async\" loading=\"lazy\" srcset=\"https:\/\/www.piana.com.ar\/wp-content\/uploads\/2015\/03\/policia-ciudad.jpg 200w, https:\/\/www.piana.com.ar\/wp-content\/uploads\/2015\/03\/policia-ciudad-12x12.jpg 12w\" sizes=\"(max-width: 200px) 100vw, 200px\" \/><\/div><\/div><div class=\"vc_item\"><div class=\"vc_inner\"><img width=\"200\" height=\"200\" src=\"https:\/\/www.piana.com.ar\/wp-content\/uploads\/2015\/03\/cablevision-1.png\" class=\"attachment-full\" alt=\"\" decoding=\"async\" loading=\"lazy\" srcset=\"https:\/\/www.piana.com.ar\/wp-content\/uploads\/2015\/03\/cablevision-1.png 200w, https:\/\/www.piana.com.ar\/wp-content\/uploads\/2015\/03\/cablevision-1-12x12.png 12w\" sizes=\"(max-width: 200px) 100vw, 200px\" \/><\/div><\/div><div class=\"vc_item\"><div class=\"vc_inner\"><img width=\"200\" height=\"200\" src=\"https:\/\/www.piana.com.ar\/wp-content\/uploads\/2015\/03\/gbbsas-1.png\" class=\"attachment-full\" alt=\"\" decoding=\"async\" loading=\"lazy\" srcset=\"https:\/\/www.piana.com.ar\/wp-content\/uploads\/2015\/03\/gbbsas-1.png 200w, https:\/\/www.piana.com.ar\/wp-content\/uploads\/2015\/03\/gbbsas-1-12x12.png 12w\" sizes=\"(max-width: 200px) 100vw, 200px\" \/><\/div><\/div><div class=\"vc_item\"><div class=\"vc_inner\"><img width=\"200\" height=\"200\" src=\"https:\/\/www.piana.com.ar\/wp-content\/uploads\/2015\/03\/toyota-1.png\" class=\"attachment-full\" alt=\"\" decoding=\"async\" loading=\"lazy\" srcset=\"https:\/\/www.piana.com.ar\/wp-content\/uploads\/2015\/03\/toyota-1.png 200w, https:\/\/www.piana.com.ar\/wp-content\/uploads\/2015\/03\/toyota-1-12x12.png 12w\" sizes=\"(max-width: 200px) 100vw, 200px\" \/><\/div><\/div><div class=\"vc_item\"><div class=\"vc_inner\"><img width=\"200\" height=\"200\" src=\"https:\/\/www.piana.com.ar\/wp-content\/uploads\/2023\/03\/telecom-f.jpg\" class=\"attachment-full\" alt=\"\" decoding=\"async\" loading=\"lazy\" srcset=\"https:\/\/www.piana.com.ar\/wp-content\/uploads\/2023\/03\/telecom-f.jpg 200w, https:\/\/www.piana.com.ar\/wp-content\/uploads\/2023\/03\/telecom-f-12x12.jpg 12w\" sizes=\"(max-width: 200px) 100vw, 200px\" \/><\/div><\/div><div class=\"vc_item\"><div class=\"vc_inner\"><img width=\"200\" height=\"200\" src=\"https:\/\/www.piana.com.ar\/wp-content\/uploads\/2023\/03\/cadia-2.jpg\" class=\"attachment-full\" alt=\"\" decoding=\"async\" loading=\"lazy\" srcset=\"https:\/\/www.piana.com.ar\/wp-content\/uploads\/2023\/03\/cadia-2.jpg 200w, https:\/\/www.piana.com.ar\/wp-content\/uploads\/2023\/03\/cadia-2-12x12.jpg 12w\" sizes=\"(max-width: 200px) 100vw, 200px\" \/><\/div><\/div><div class=\"vc_item\"><div class=\"vc_inner\"><img width=\"200\" height=\"200\" src=\"https:\/\/www.piana.com.ar\/wp-content\/uploads\/2015\/03\/kyocera-1.png\" class=\"attachment-full\" alt=\"\" decoding=\"async\" loading=\"lazy\" srcset=\"https:\/\/www.piana.com.ar\/wp-content\/uploads\/2015\/03\/kyocera-1.png 200w, https:\/\/www.piana.com.ar\/wp-content\/uploads\/2015\/03\/kyocera-1-12x12.png 12w\" sizes=\"(max-width: 200px) 100vw, 200px\" \/><\/div><\/div><div class=\"vc_item\"><div class=\"vc_inner\"><img width=\"200\" height=\"200\" src=\"https:\/\/www.piana.com.ar\/wp-content\/uploads\/2015\/03\/gerdau-1.png\" class=\"attachment-full\" alt=\"\" decoding=\"async\" loading=\"lazy\" srcset=\"https:\/\/www.piana.com.ar\/wp-content\/uploads\/2015\/03\/gerdau-1.png 200w, https:\/\/www.piana.com.ar\/wp-content\/uploads\/2015\/03\/gerdau-1-12x12.png 12w\" sizes=\"(max-width: 200px) 100vw, 200px\" \/><\/div><\/div><div class=\"vc_item\"><div class=\"vc_inner\"><img width=\"200\" height=\"200\" src=\"https:\/\/www.piana.com.ar\/wp-content\/uploads\/2023\/03\/bahisa-f.jpg\" class=\"attachment-full\" alt=\"\" decoding=\"async\" loading=\"lazy\" srcset=\"https:\/\/www.piana.com.ar\/wp-content\/uploads\/2023\/03\/bahisa-f.jpg 200w, https:\/\/www.piana.com.ar\/wp-content\/uploads\/2023\/03\/bahisa-f-12x12.jpg 12w\" sizes=\"(max-width: 200px) 100vw, 200px\" \/><\/div><\/div><div class=\"vc_item\"><div class=\"vc_inner\"><img width=\"200\" height=\"200\" src=\"https:\/\/www.piana.com.ar\/wp-content\/uploads\/2023\/03\/bricons-f.jpg\" class=\"attachment-full\" alt=\"\" decoding=\"async\" loading=\"lazy\" srcset=\"https:\/\/www.piana.com.ar\/wp-content\/uploads\/2023\/03\/bricons-f.jpg 200w, https:\/\/www.piana.com.ar\/wp-content\/uploads\/2023\/03\/bricons-f-12x12.jpg 12w\" sizes=\"(max-width: 200px) 100vw, 200px\" \/><\/div><\/div><div class=\"vc_item\"><div class=\"vc_inner\"><img width=\"200\" height=\"200\" src=\"https:\/\/www.piana.com.ar\/wp-content\/uploads\/2023\/03\/miavasa-f.jpg\" class=\"attachment-full\" alt=\"\" decoding=\"async\" loading=\"lazy\" srcset=\"https:\/\/www.piana.com.ar\/wp-content\/uploads\/2023\/03\/miavasa-f.jpg 200w, https:\/\/www.piana.com.ar\/wp-content\/uploads\/2023\/03\/miavasa-f-12x12.jpg 12w\" sizes=\"(max-width: 200px) 100vw, 200px\" \/><\/div><\/div><div class=\"vc_item\"><div class=\"vc_inner\"><img width=\"200\" height=\"200\" src=\"https:\/\/www.piana.com.ar\/wp-content\/uploads\/2023\/03\/secin-f.jpg\" class=\"attachment-full\" alt=\"\" decoding=\"async\" loading=\"lazy\" srcset=\"https:\/\/www.piana.com.ar\/wp-content\/uploads\/2023\/03\/secin-f.jpg 200w, https:\/\/www.piana.com.ar\/wp-content\/uploads\/2023\/03\/secin-f-12x12.jpg 12w\" sizes=\"(max-width: 200px) 100vw, 200px\" \/><\/div><\/div><div class=\"vc_item\"><div class=\"vc_inner\"><img width=\"200\" height=\"200\" src=\"https:\/\/www.piana.com.ar\/wp-content\/uploads\/2023\/03\/spark-f.jpg\" class=\"attachment-full\" alt=\"\" decoding=\"async\" loading=\"lazy\" srcset=\"https:\/\/www.piana.com.ar\/wp-content\/uploads\/2023\/03\/spark-f.jpg 200w, https:\/\/www.piana.com.ar\/wp-content\/uploads\/2023\/03\/spark-f-12x12.jpg 12w\" sizes=\"(max-width: 200px) 100vw, 200px\" \/><\/div><\/div><div class=\"vc_item\"><div class=\"vc_inner\"><img width=\"200\" height=\"200\" src=\"https:\/\/www.piana.com.ar\/wp-content\/uploads\/2023\/03\/zonis-f.jpg\" class=\"attachment-full\" alt=\"\" decoding=\"async\" loading=\"lazy\" srcset=\"https:\/\/www.piana.com.ar\/wp-content\/uploads\/2023\/03\/zonis-f.jpg 200w, https:\/\/www.piana.com.ar\/wp-content\/uploads\/2023\/03\/zonis-f-12x12.jpg 12w\" sizes=\"(max-width: 200px) 100vw, 200px\" \/><\/div><\/div><\/div><\/div><\/div><\/div><\/div><\/div><\/div><\/div><\/div><\/div><\/div><\/div><\/div>","protected":false},"excerpt":{"rendered":"Pasi\u00f3n | Energ\u00eda | Conocimientos | Soluciones | Beneficios\u200b M\u00e1s de 15 a\u00f1os de trayectoria avalan nuestra experiencia.Con\u00f3zcanosIdentidad Somos un grupo de profesionales guiados por nuestra pasi\u00f3n y energ\u00eda en brindar soluciones, realizando ingenier\u00eda de valor en busca de resultados innovadores y econ\u00f3micos ajustados a los requerimientos de nuestros clientes. Nuestra trayectoria en obras de [...]","protected":false},"author":1,"featured_media":0,"parent":0,"menu_order":0,"comment_status":"closed","ping_status":"closed","template":"","meta":[],"_links":{"self":[{"href":"https:\/\/www.piana.com.ar\/en\/wp-json\/wp\/v2\/pages\/71000"}],"collection":[{"href":"https:\/\/www.piana.com.ar\/en\/wp-json\/wp\/v2\/pages"}],"about":[{"href":"https:\/\/www.piana.com.ar\/en\/wp-json\/wp\/v2\/types\/page"}],"author":[{"embeddable":true,"href":"https:\/\/www.piana.com.ar\/en\/wp-json\/wp\/v2\/users\/1"}],"replies":[{"embeddable":true,"href":"https:\/\/www.piana.com.ar\/en\/wp-json\/wp\/v2\/comments?post=71000"}],"version-history":[{"count":16,"href":"https:\/\/www.piana.com.ar\/en\/wp-json\/wp\/v2\/pages\/71000\/revisions"}],"predecessor-version":[{"id":75453,"href":"https:\/\/www.piana.com.ar\/en\/wp-json\/wp\/v2\/pages\/71000\/revisions\/75453"}],"wp:attachment":[{"href":"https:\/\/www.piana.com.ar\/en\/wp-json\/wp\/v2\/media?parent=71000"}],"curies":[{"name":"wp","href":"https:\/\/api.w.org\/{rel}","templated":true}]}}