{"id":75047,"date":"2017-03-24T18:57:12","date_gmt":"2017-03-24T21:57:12","guid":{"rendered":"http:\/\/www.piana.com.ar\/?page_id=75047"},"modified":"2017-03-29T01:30:08","modified_gmt":"2017-03-29T04:30:08","slug":"identidad","status":"publish","type":"page","link":"https:\/\/www.piana.com.ar\/en\/identidad\/","title":{"rendered":"Identity"},"content":{"rendered":"<div  class=\"vc_row wpb_row  vc_custom_1490761753056\" style=\"background-color: #3d352d;\"><div class=\"boxed\"><div class=\"container\"><div class=\"vc_row\"><div class=\"wpb_column vc_column_container col-sm-8 vc_col-sm-8 col-lg-8 vc_col-lg-8\"><div class=\"vc_column-inner vc_custom_1490682609784\"><div class=\"wpb_wrapper\"><div class=\"vc_empty_space\"   style=\"height: 60px\"><span class=\"vc_empty_space_inner\"><\/span><\/div><div class=\"vc_custom_heading heading-title-2\" ><h2 style=\"color: #ffffff;text-align: left\" >Identity<\/h2><\/div>\n\t<div  class=\"wpb_single_image wpb_content_element vc_align_center\">\n\t\t\n\t\t<figure class=\"wpb_wrapper vc_figure\">\n\t\t\t<div class=\"vc_single_image-wrapper vc_box_border  vc_box_border_white\"><img width=\"750\" height=\"200\" src=\"https:\/\/www.piana.com.ar\/wp-content\/uploads\/2017\/03\/identidad.jpg\" class=\"vc_single_image-img attachment-full\" alt=\"\" decoding=\"async\" loading=\"lazy\" srcset=\"https:\/\/www.piana.com.ar\/wp-content\/uploads\/2017\/03\/identidad.jpg 750w, https:\/\/www.piana.com.ar\/wp-content\/uploads\/2017\/03\/identidad-300x80.jpg 300w, https:\/\/www.piana.com.ar\/wp-content\/uploads\/2017\/03\/identidad-18x5.jpg 18w\" sizes=\"(max-width: 750px) 100vw, 750px\" \/><\/div>\n\t\t<\/figure>\n\t<\/div>\n<div class=\"vc_empty_space\"   style=\"height: 20px\"><span class=\"vc_empty_space_inner\"><\/span><\/div>\n\t<div class=\"wpb_text_column wpb_content_element\" >\n\t\t<div class=\"wpb_wrapper\">\n\t\t\t<p style=\"text-align: justify;\"><span style=\"color: #ffffff;\">Our team consists of passion-driven professionals who focus all their energy on providing solutions, creating valuable engineering work that aims for customized innovative and budget-optimized results.<\/span><\/p>\n<p style=\"text-align: justify;\"><span style=\"color: #ffffff;\">Having been part of different-sized projects, both in public and private sector, we have acquired the knowledge and the experience needed to provide our clients with the best results.<\/span><\/p>\n<p style=\"text-align: justify;\"><span style=\"color: #ffffff;\">We focus all our energy and resources meeting our clients need in due time and proper manner, because that is why they are greatly satisfied. This is why we are we based upon our capacity, our experience and our spirit of achievement, backed by career.<\/span><\/p>\n<blockquote>\n<p style=\"text-align: justify;\"><span style=\"color: #ffffff;\">Our mission is \"to provide with an excellent customized service, aiming for synergy between design and budget''.<\/span><\/p>\n<p style=\"text-align: justify;\"><\/blockquote>\n<p style=\"text-align: justify;\"><span style=\"color: #ffffff;\">We differ from other professionals in the market due to our strong tendency to optimization.<\/span><\/p>\n\n\t\t<\/div>\n\t<\/div>\n<div class=\"vc_empty_space\"   style=\"height: 150px\"><span class=\"vc_empty_space_inner\"><\/span><\/div><\/div><\/div><\/div><div class=\"wpb_column vc_column_container col-sm-4 vc_col-sm-4 col-lg-4 vc_col-lg-4\"><div class=\"vc_column-inner\"><div class=\"wpb_wrapper\"><div class=\"vc_empty_space\"   style=\"height: 140px\"><span class=\"vc_empty_space_inner\"><\/span><\/div><div class=\"vc_custom_heading heading-title-2\" ><h2 style=\"font-size: 16px;color: #ffffff;text-align: center\" >SECTORS<\/h2><\/div>\n\t<div class=\"wpb_text_column wpb_content_element\" >\n\t\t<div class=\"wpb_wrapper\">\n\t\t\t<div class=\"contact-info\">\n<p><i class=\"fa fa-chevron-circle-right\"><\/i><span style=\"color: #ffffff;\">Civil contructions (Houses, buildings, hotels, offices, stores)<\/span><br \/>\n<span style=\"color: #ffffff;\"><i class=\"fa fa-chevron-circle-right\"><\/i>Petrochemistry<\/span><br \/>\n<span style=\"color: #ffffff;\"><i class=\"fa fa-chevron-circle-right\"><\/i>Oil &amp; Gas<\/span><br \/>\n<span style=\"color: #ffffff;\"><i class=\"fa fa-chevron-circle-right\"><\/i>Mining<\/span><br \/>\n<span style=\"color: #ffffff;\"><i class=\"fa fa-chevron-circle-right\"><\/i>Telecommunications<\/span><br \/>\n<span style=\"color: #ffffff;\"><i class=\"fa fa-chevron-circle-right\"><\/i>Food-related<\/span><br \/>\n<span style=\"color: #ffffff;\"><i class=\"fa fa-chevron-circle-right\"><\/i>Pharmeceutical<\/span><br \/>\n<span style=\"color: #ffffff;\"><i class=\"fa fa-chevron-circle-right\"><\/i>Automobile<\/span><br \/>\n<span style=\"color: #ffffff;\"><i class=\"fa fa-chevron-circle-right\"><\/i>Infrastructure<\/span><br \/>\n<span style=\"color: #ffffff;\"><i class=\"fa fa-chevron-circle-right\"><\/i>Renewable and conventional energies<\/span><\/p>\n<\/div>\n\n\t\t<\/div>\n\t<\/div>\n<\/div><\/div><\/div><\/div><\/div><\/div><\/div>","protected":false},"excerpt":{"rendered":"Identidad Somos un grupo de profesionales guiados por nuestra pasi\u00f3n y energ\u00eda en brindar soluciones, realizando ingenier\u00eda de valor en busca de resultados innovadores y econ\u00f3micos ajustados a los requerimientos de nuestros clientes. Nuestra trayectoria en obras de diferente envergadura, tanto del \u00e1mbito privado como el p\u00fablico, nos da los conocimientos y la experiencia para [...]","protected":false},"author":1,"featured_media":0,"parent":0,"menu_order":0,"comment_status":"closed","ping_status":"closed","template":"","meta":[],"_links":{"self":[{"href":"https:\/\/www.piana.com.ar\/en\/wp-json\/wp\/v2\/pages\/75047"}],"collection":[{"href":"https:\/\/www.piana.com.ar\/en\/wp-json\/wp\/v2\/pages"}],"about":[{"href":"https:\/\/www.piana.com.ar\/en\/wp-json\/wp\/v2\/types\/page"}],"author":[{"embeddable":true,"href":"https:\/\/www.piana.com.ar\/en\/wp-json\/wp\/v2\/users\/1"}],"replies":[{"embeddable":true,"href":"https:\/\/www.piana.com.ar\/en\/wp-json\/wp\/v2\/comments?post=75047"}],"version-history":[{"count":0,"href":"https:\/\/www.piana.com.ar\/en\/wp-json\/wp\/v2\/pages\/75047\/revisions"}],"wp:attachment":[{"href":"https:\/\/www.piana.com.ar\/en\/wp-json\/wp\/v2\/media?parent=75047"}],"curies":[{"name":"wp","href":"https:\/\/api.w.org\/{rel}","templated":true}]}}